{"id":213,"date":"2015-09-16T10:25:23","date_gmt":"2015-09-16T10:25:23","guid":{"rendered":"http:\/\/demo.themeum.com\/wordpress\/eventum\/?page_id=213"},"modified":"2017-03-10T18:46:31","modified_gmt":"2017-03-10T15:46:31","slug":"sponsorluk","status":"publish","type":"page","link":"http:\/\/bimy.org.tr\/bimy23\/sponsorluk\/","title":{"rendered":"Sponsorluk"},"content":{"rendered":"<p>[vc_row full_width=&#8221;stretch_row&#8221; content_placement=&#8221;top&#8221; css=&#8221;.vc_custom_1456325885569{margin-top: 0px !important;margin-bottom: 0px !important;padding-top: 00px !important;padding-bottom: 100px !important;background-position: center !important;background-repeat: no-repeat !important;background-size: cover !important;}&#8221;][vc_column][vc_column_text]<\/p>\n<p style=\"text-align: center;\"><strong><a href=\"http:\/\/www.bimy.org.tr\/bimy23\/BIMY23-Sponsorluk-Dosyasi.pdf\">Sponsorluk dosyas\u0131n\u0131 indirmek i\u00e7in t\u0131klay\u0131n\u0131z.<\/a><\/strong><\/p>\n<p>[\/vc_column_text][vc_single_image image=&#8221;772&#8243; img_size=&#8221;full&#8221; alignment=&#8221;center&#8221; style=&#8221;vc_box_shadow_3d&#8221;][\/vc_column][\/vc_row][vc_row][vc_column][vc_single_image image=&#8221;655&#8243; alignment=&#8221;center&#8221;][vc_column_text]<\/p>\n<p style=\"text-align: center;\"><strong><span class=\"altbaslik\">T\u00fcrkiye Bili\u015fim Derne\u011fi<\/span><\/strong><br \/>\n<span class=\"metin\">Ceyhun Atuf Kansu Caddesi 1246. Sokak<br \/>\nNo:4\/17 Balgat\/ANKARA<br \/>\n<strong>Tel:<\/strong> +90 (312) 473 8215 (pbx)<br \/>\n<strong>Faks:<\/strong> +90 (312) 473 8216<\/span><\/p>\n<p>[\/vc_column_text][\/vc_column][\/vc_row]<\/p>\n","protected":false},"excerpt":{"rendered":"<p>[vc_row full_width=&#8221;stretch_row&#8221; content_placement=&#8221;top&#8221; css=&#8221;.vc_custom_1456325885569{margin-top: 0px !important;margin-bottom: 0px !important;padding-top: 00px !important;padding-bottom: 100px !important;background-position: center !important;background-repeat: no-repeat !important;background-size: cover !important;}&#8221;][vc_column][vc_column_text] Sponsorluk dosyas\u0131n\u0131 indirmek i\u00e7in t\u0131klay\u0131n\u0131z. [\/vc_column_text][vc_single_image image=&#8221;772&#8243; img_size=&#8221;full&#8221; alignment=&#8221;center&#8221; style=&#8221;vc_box_shadow_3d&#8221;][\/vc_column][\/vc_row][vc_row][vc_column][vc_single_image image=&#8221;655&#8243; alignment=&#8221;center&#8221;][vc_column_text] T\u00fcrkiye Bili\u015fim Derne\u011fi Ceyhun Atuf Kansu Caddesi 1246. Sokak No:4\/17 Balgat\/ANKARA Tel: +90 (312) 473 8215 (pbx) Faks: +90 (312) 473 8216 [\/vc_column_text][\/vc_column][\/vc_row]<\/p>\n","protected":false},"author":1,"featured_media":0,"parent":0,"menu_order":0,"comment_status":"closed","ping_status":"closed","template":"","meta":{"rs_blank_template":"","rs_page_bg_color":"","slide_template_v7":"","footnotes":""},"_links":{"self":[{"href":"http:\/\/bimy.org.tr\/bimy23\/wp-json\/wp\/v2\/pages\/213"}],"collection":[{"href":"http:\/\/bimy.org.tr\/bimy23\/wp-json\/wp\/v2\/pages"}],"about":[{"href":"http:\/\/bimy.org.tr\/bimy23\/wp-json\/wp\/v2\/types\/page"}],"author":[{"embeddable":true,"href":"http:\/\/bimy.org.tr\/bimy23\/wp-json\/wp\/v2\/users\/1"}],"replies":[{"embeddable":true,"href":"http:\/\/bimy.org.tr\/bimy23\/wp-json\/wp\/v2\/comments?post=213"}],"version-history":[{"count":13,"href":"http:\/\/bimy.org.tr\/bimy23\/wp-json\/wp\/v2\/pages\/213\/revisions"}],"predecessor-version":[{"id":1326,"href":"http:\/\/bimy.org.tr\/bimy23\/wp-json\/wp\/v2\/pages\/213\/revisions\/1326"}],"wp:attachment":[{"href":"http:\/\/bimy.org.tr\/bimy23\/wp-json\/wp\/v2\/media?parent=213"}],"curies":[{"name":"wp","href":"https:\/\/api.w.org\/{rel}","templated":true}]}}