{"id":263,"date":"2015-09-17T05:23:28","date_gmt":"2015-09-17T05:23:28","guid":{"rendered":"http:\/\/demo.themeum.com\/wordpress\/eventum\/?page_id=263"},"modified":"2016-02-25T17:23:10","modified_gmt":"2016-02-25T15:23:10","slug":"contact-us","status":"publish","type":"page","link":"http:\/\/bimy.org.tr\/bimy23\/contact-us\/","title":{"rendered":"\u0130leti\u015fim"},"content":{"rendered":"<p>[vc_row full_width=&#8221;stretch_row&#8221; css=&#8221;.vc_custom_1452073495367{margin-top: 100px !important;margin-bottom: 100px !important;}&#8221;][vc_column width=&#8221;1\/4&#8243;][\/vc_column][vc_column width=&#8221;1\/4&#8243;][vc_single_image image=&#8221;655&#8243; img_size=&#8221;full&#8221;][vc_column_text]<strong><span class=\"altbaslik\">T\u00fcrkiye Bili\u015fim Derne\u011fi<\/span><\/strong><br \/>\n<span class=\"metin\">Ceyhun Atuf Kansu Caddesi 1246. Sokak<br \/>\nNo:4\/17 Balgat\/ANKARA<br \/>\n<strong>Tel:<\/strong> +90 (312) 473 8215 (pbx)<br \/>\n<strong>Faks:<\/strong> +90 (312) 473 8216<\/span>[\/vc_column_text][\/vc_column][vc_column width=&#8221;1\/4&#8243;][vc_single_image image=&#8221;656&#8243; img_size=&#8221;full&#8221;][vc_column_text]<strong><span class=\"altbaslik\">Val\u00f6r Kongre Organizasyonlar\u0131<\/span><\/strong><span class=\"metin\"><br \/>\nTuran G\u00fcne\u015f Bulvar\u0131 571. Cad. 576. Sk. No:28<br \/>\n06550 Oran &#8211; Ankara<br \/>\n<strong>Tel:<\/strong> 0 312 491 88 88<br \/>\n<strong>Fax:<\/strong> 0 312 491 99 89<br \/>\n<strong>Mail:<\/strong>\u00a0bimy@valor.com.tr<\/span>[\/vc_column_text][\/vc_column][vc_column width=&#8221;1\/4&#8243;][\/vc_column][\/vc_row]<\/p>\n","protected":false},"excerpt":{"rendered":"<p>[vc_row full_width=&#8221;stretch_row&#8221; css=&#8221;.vc_custom_1452073495367{margin-top: 100px !important;margin-bottom: 100px !important;}&#8221;][vc_column width=&#8221;1\/4&#8243;][\/vc_column][vc_column width=&#8221;1\/4&#8243;][vc_single_image image=&#8221;655&#8243; img_size=&#8221;full&#8221;][vc_column_text]T\u00fcrkiye Bili\u015fim Derne\u011fi Ceyhun Atuf Kansu Caddesi 1246. Sokak No:4\/17 Balgat\/ANKARA Tel: +90 (312) 473 8215 (pbx) Faks: +90 (312) 473 8216[\/vc_column_text][\/vc_column][vc_column width=&#8221;1\/4&#8243;][vc_single_image image=&#8221;656&#8243; img_size=&#8221;full&#8221;][vc_column_text]Val\u00f6r Kongre Organizasyonlar\u0131 Turan G\u00fcne\u015f Bulvar\u0131 571. Cad. 576. Sk. No:28 06550 Oran &#8211; Ankara Tel: 0 312 491 88 88&nbsp;<\/p>\n<p><a class=\"btn btn-style\" href=\"http:\/\/bimy.org.tr\/bimy23\/contact-us\/\">Continue Reading<\/a><\/p>\n","protected":false},"author":1,"featured_media":0,"parent":0,"menu_order":0,"comment_status":"closed","ping_status":"closed","template":"","meta":{"footnotes":""},"_links":{"self":[{"href":"http:\/\/bimy.org.tr\/bimy23\/wp-json\/wp\/v2\/pages\/263"}],"collection":[{"href":"http:\/\/bimy.org.tr\/bimy23\/wp-json\/wp\/v2\/pages"}],"about":[{"href":"http:\/\/bimy.org.tr\/bimy23\/wp-json\/wp\/v2\/types\/page"}],"author":[{"embeddable":true,"href":"http:\/\/bimy.org.tr\/bimy23\/wp-json\/wp\/v2\/users\/1"}],"replies":[{"embeddable":true,"href":"http:\/\/bimy.org.tr\/bimy23\/wp-json\/wp\/v2\/comments?post=263"}],"version-history":[{"count":9,"href":"http:\/\/bimy.org.tr\/bimy23\/wp-json\/wp\/v2\/pages\/263\/revisions"}],"predecessor-version":[{"id":704,"href":"http:\/\/bimy.org.tr\/bimy23\/wp-json\/wp\/v2\/pages\/263\/revisions\/704"}],"wp:attachment":[{"href":"http:\/\/bimy.org.tr\/bimy23\/wp-json\/wp\/v2\/media?parent=263"}],"curies":[{"name":"wp","href":"https:\/\/api.w.org\/{rel}","templated":true}]}}