{"id":610,"date":"2015-09-14T07:30:18","date_gmt":"2015-09-14T07:30:18","guid":{"rendered":"http:\/\/demo.themeum.com\/wordpress\/eventum\/register\/"},"modified":"2017-03-10T18:57:48","modified_gmt":"2017-03-10T15:57:48","slug":"katilim","status":"publish","type":"page","link":"http:\/\/bimy.org.tr\/bimy23\/katilim\/","title":{"rendered":"Kat\u0131l\u0131m"},"content":{"rendered":"<p>[vc_row][vc_column][vc_empty_space height=&#8221;20px&#8221;][\/vc_column][\/vc_row][vc_row][vc_column width=&#8221;1\/3&#8243;][\/vc_column][vc_column width=&#8221;1\/3&#8243;][vc_column_text]<\/p>\n<p style=\"text-align: center;\"><a href=\"http:\/\/www.bimy.org.tr\/bimy23\/BIMY23-Toplant\u0131-Katilim-Rezervasyon-Formu.pdf\" target=\"_blank\"><strong><img loading=\"lazy\" decoding=\"async\" class=\"alignnone wp-image-685 size-full\" src=\"http:\/\/bimy.org.tr\/bimy23\/wp-content\/uploads\/2015\/09\/pdf.png\" alt=\"\" width=\"50\" height=\"50\" \/><br \/>\nTBD B\u0130MY23 Kat\u0131l\u0131m Kay\u0131t Formu\u00a0i\u00e7in t\u0131klay\u0131n\u0131z.<\/strong><\/a><\/p>\n<p>[\/vc_column_text][\/vc_column][vc_column width=&#8221;1\/3&#8243;][\/vc_column][\/vc_row][vc_row content_placement=&#8221;top&#8221;][vc_column][vc_single_image image=&#8221;1237&#8243; alignment=&#8221;center&#8221;][\/vc_column][\/vc_row]<\/p>\n","protected":false},"excerpt":{"rendered":"<p>[vc_row][vc_column][vc_empty_space height=&#8221;20px&#8221;][\/vc_column][\/vc_row][vc_row][vc_column width=&#8221;1\/3&#8243;][\/vc_column][vc_column width=&#8221;1\/3&#8243;][vc_column_text] TBD B\u0130MY23 Kat\u0131l\u0131m Kay\u0131t Formu\u00a0i\u00e7in t\u0131klay\u0131n\u0131z. [\/vc_column_text][\/vc_column][vc_column width=&#8221;1\/3&#8243;][\/vc_column][\/vc_row][vc_row content_placement=&#8221;top&#8221;][vc_column][vc_single_image image=&#8221;1237&#8243; alignment=&#8221;center&#8221;][\/vc_column][\/vc_row]<\/p>\n","protected":false},"author":1,"featured_media":0,"parent":0,"menu_order":0,"comment_status":"closed","ping_status":"closed","template":"","meta":{"rs_blank_template":"","rs_page_bg_color":"","slide_template_v7":"","footnotes":""},"_links":{"self":[{"href":"http:\/\/bimy.org.tr\/bimy23\/wp-json\/wp\/v2\/pages\/610"}],"collection":[{"href":"http:\/\/bimy.org.tr\/bimy23\/wp-json\/wp\/v2\/pages"}],"about":[{"href":"http:\/\/bimy.org.tr\/bimy23\/wp-json\/wp\/v2\/types\/page"}],"author":[{"embeddable":true,"href":"http:\/\/bimy.org.tr\/bimy23\/wp-json\/wp\/v2\/users\/1"}],"replies":[{"embeddable":true,"href":"http:\/\/bimy.org.tr\/bimy23\/wp-json\/wp\/v2\/comments?post=610"}],"version-history":[{"count":13,"href":"http:\/\/bimy.org.tr\/bimy23\/wp-json\/wp\/v2\/pages\/610\/revisions"}],"predecessor-version":[{"id":1330,"href":"http:\/\/bimy.org.tr\/bimy23\/wp-json\/wp\/v2\/pages\/610\/revisions\/1330"}],"wp:attachment":[{"href":"http:\/\/bimy.org.tr\/bimy23\/wp-json\/wp\/v2\/media?parent=610"}],"curies":[{"name":"wp","href":"https:\/\/api.w.org\/{rel}","templated":true}]}}