{"id":861,"date":"2016-03-12T20:16:46","date_gmt":"2016-03-12T18:16:46","guid":{"rendered":"http:\/\/bimy.org.tr\/?page_id=861"},"modified":"2016-03-12T20:17:09","modified_gmt":"2016-03-12T18:17:09","slug":"kurullar","status":"publish","type":"page","link":"http:\/\/bimy.org.tr\/bimy23\/kurullar\/","title":{"rendered":"Kurullar"},"content":{"rendered":"<h4>TBD Y\u00d6NET\u0130M KURULU<\/h4>\n<p>Ba\u015fkan : \u0130. \u0130lker TABAK<\/p>\n<p>2. Ba\u015fkan : Koray \u00d6ZER<\/p>\n<p>Sayman : Vural R\u0131za \u0130BR\u0130\u015e\u0130M<\/p>\n<p>YK \u00dcyeleri :<\/p>\n<ul>\n<li>Ahmet PEKEL<\/li>\n<li>Erhan YAL\u00c7IN<\/li>\n<li>Ersin TA\u015e\u00c7I<\/li>\n<li>Ertan BARUT<\/li>\n<li>Levent KARADA\u011e<\/li>\n<li>Nihan TUNA<\/li>\n<li>Salih \u00d6Z\u00c7\u0130F\u00c7\u0130<\/li>\n<li>\u00dcveyiz \u00dcnal ZA\u0130M<\/li>\n<\/ul>\n<h4>TBD B\u0130MY&#8217;23 ETK\u0130NL\u0130K Y\u00dcR\u00dcTME KURULU<\/h4>\n<p>Ba\u015fkan : Koray \u00d6ZER \u2013 T\u00fcrkiye Petrolleri<br \/>\n\u00dcyeler :<\/p>\n<ul>\n<li>Ertan BARUT \u2013 GLOBALNET \u0130nternet Teknolojileri<\/li>\n<li>Ersin TA\u015e\u00c7I \u2013 TCDD<\/li>\n<li>Vural R\u0131za \u0130BR\u0130\u015e\u0130M \u2013 Pupa<\/li>\n<li>L\u00fctfi \u00d6ZB\u0130LEN \u2013 Fokus Akademi<\/li>\n<li>Nihan TUNA \u2013 EMT Elektronik<\/li>\n<li>\u00dcveyiz \u00dcnal ZA\u0130M &#8211; \u00c7ankaya Belediyesi<\/li>\n<\/ul>\n","protected":false},"excerpt":{"rendered":"<p>TBD Y\u00d6NET\u0130M KURULU Ba\u015fkan : \u0130. \u0130lker TABAK 2. Ba\u015fkan : Koray \u00d6ZER Sayman : Vural R\u0131za \u0130BR\u0130\u015e\u0130M YK \u00dcyeleri : Ahmet PEKEL Erhan YAL\u00c7IN Ersin TA\u015e\u00c7I Ertan BARUT Levent KARADA\u011e Nihan TUNA Salih \u00d6Z\u00c7\u0130F\u00c7\u0130 \u00dcveyiz \u00dcnal ZA\u0130M TBD B\u0130MY&#8217;23 ETK\u0130NL\u0130K Y\u00dcR\u00dcTME KURULU Ba\u015fkan : Koray \u00d6ZER \u2013 T\u00fcrkiye Petrolleri \u00dcyeler : Ertan BARUT \u2013&nbsp;<\/p>\n<p><a class=\"btn btn-style\" href=\"http:\/\/bimy.org.tr\/bimy23\/kurullar\/\">Continue Reading<\/a><\/p>\n","protected":false},"author":2,"featured_media":0,"parent":0,"menu_order":0,"comment_status":"closed","ping_status":"closed","template":"","meta":{"rs_blank_template":"","rs_page_bg_color":"","slide_template_v7":"","footnotes":""},"_links":{"self":[{"href":"http:\/\/bimy.org.tr\/bimy23\/wp-json\/wp\/v2\/pages\/861"}],"collection":[{"href":"http:\/\/bimy.org.tr\/bimy23\/wp-json\/wp\/v2\/pages"}],"about":[{"href":"http:\/\/bimy.org.tr\/bimy23\/wp-json\/wp\/v2\/types\/page"}],"author":[{"embeddable":true,"href":"http:\/\/bimy.org.tr\/bimy23\/wp-json\/wp\/v2\/users\/2"}],"replies":[{"embeddable":true,"href":"http:\/\/bimy.org.tr\/bimy23\/wp-json\/wp\/v2\/comments?post=861"}],"version-history":[{"count":1,"href":"http:\/\/bimy.org.tr\/bimy23\/wp-json\/wp\/v2\/pages\/861\/revisions"}],"predecessor-version":[{"id":862,"href":"http:\/\/bimy.org.tr\/bimy23\/wp-json\/wp\/v2\/pages\/861\/revisions\/862"}],"wp:attachment":[{"href":"http:\/\/bimy.org.tr\/bimy23\/wp-json\/wp\/v2\/media?parent=861"}],"curies":[{"name":"wp","href":"https:\/\/api.w.org\/{rel}","templated":true}]}}